{"id":1726,"date":"2019-04-19T10:17:49","date_gmt":"2019-04-19T10:17:49","guid":{"rendered":"http:\/\/emarketingbrasil.com.br\/influencers\/?page_id=2"},"modified":"2020-05-05T11:45:11","modified_gmt":"2020-05-05T14:45:11","slug":"home","status":"publish","type":"page","link":"https:\/\/emarketingbrasil.com.br\/influencers\/","title":{"rendered":"Influencer Home"},"content":{"rendered":"<p><div class=\"fusion-fullwidth fullwidth-box fusion-builder-row-1 nonhundred-percent-fullwidth non-hundred-percent-height-scrolling\"  style='background-color: rgba(255,255,255,0);background-position: center center;background-repeat: no-repeat;padding-top:0px;padding-right:0px;padding-bottom:0px;padding-left:0px;'><div class=\"fusion-builder-row fusion-row \"><div  class=\"fusion-layout-column fusion_builder_column fusion_builder_column_1_1 fusion-builder-column-0 fusion-one-full fusion-column-first fusion-column-last 1_1\"  style='margin-top:0px;margin-bottom:20px;'><div class=\"fusion-column-wrapper\" style=\"padding: 0px 0px 0px 0px;background-position:left top;background-blend-mode: overlay;background-repeat:no-repeat;-webkit-background-size:cover;-moz-background-size:cover;-o-background-size:cover;background-size:cover;\"   data-bg-url=\"\"><div class=\"fusion-section-separator section-separator waves\" style=\"font-size:0;line-height:0;margin-left:-0px;margin-right:-0px;\"><svg class=\"fusion-waves-candy\" fill=\"#eae1e4\" xmlns=\"http:\/\/www.w3.org\/2000\/svg\" version=\"1.1\" width=\"100%\" viewBox=\"0 1 1024 162\" preserveAspectRatio=\"none\" class=\"section-separator-shortcode-divider-svg\"><path class=\"st3\" d=\"M1024.1.156H.1V3.2c50.8 17.1 108.7 30.7 172.7 37.9 178.6 19.8 220-36.8 404.9-21.3 206.6 17.2 228 126.5 434.5 141.6 3.9.3 7.9.5 11.9.7V.156z\"\/><\/svg><\/div><div class=\"fusion-clearfix\"><\/div><\/div><\/div><div  data-animationType=fadeInLeft data-animationDuration=0.6 data-animationOffset=100% class=\"fusion-layout-column fusion_builder_column fusion_builder_column_2_5 fusion-builder-column-1 fusion-two-fifth fusion-column-first fusion-animated 2_5\"  style='margin-top:20px;margin-bottom:20px;width:40%;width:calc(40% - ( ( 4% ) * 0.4 ) );margin-right: 4%;'><div class=\"fusion-column-wrapper\" style=\"padding: 0px 0px 0px 0px;background-position:left top;background-repeat:no-repeat;-webkit-background-size:cover;-moz-background-size:cover;-o-background-size:cover;background-size:cover;\"   data-bg-url=\"\"><style type=\"text\/css\">@media only screen and (max-width:800px) {.fusion-title.fusion-title-1{margin-top:20px!important;margin-bottom:10px!important;}}<\/style><div class=\"fusion-title title fusion-title-1 fusion-sep-none fusion-title-text fusion-title-size-two\" style=\"margin-top:0px;margin-bottom:20px;\"><h2 class=\"title-heading-left\" style=\"margin:0;\">Conectando marcas e influenciadores<\/h2><\/div><div class=\"fusion-sep-clear\"><\/div><div class=\"fusion-separator fusion-full-width-sep sep-none\" style=\"margin-left: auto;margin-right: auto;margin-top:;margin-bottom:15px;\"><\/div><div class=\"fusion-text\"><p>Imagine voc\u00ea influenciador digital representando grandes marcas?<\/p>\n<\/div><div class=\"fusion-clearfix\"><\/div><\/div><\/div><div  data-animationType=fadeInRight data-animationDuration=0.6 data-animationOffset=100% class=\"fusion-layout-column fusion_builder_column fusion_builder_column_3_5 fusion-builder-column-2 fusion-three-fifth fusion-column-last fusion-animated 3_5\"  style='margin-top:20px;margin-bottom:20px;width:60%;width:calc(60% - ( ( 4% ) * 0.6 ) );'><div class=\"fusion-column-wrapper\" style=\"padding: 0px 0px 0px 0px;background-position:left top;background-repeat:no-repeat;-webkit-background-size:cover;-moz-background-size:cover;-o-background-size:cover;background-size:cover;\"   data-bg-url=\"\"><div class=\"imageframe-align-center\"><span class=\"fusion-imageframe imageframe-none imageframe-1 hover-type-none\"><img loading=\"lazy\" decoding=\"async\" src=\"https:\/\/emarketingbrasil.com.br\/influencers\/wp-content\/uploads\/2019\/09\/entertainment-public.jpg\" width=\"2560\" height=\"1672\" alt=\"\" title=\"entertainment-public\" class=\"img-responsive wp-image-930\"\/><\/span><\/div><div class=\"fusion-clearfix\"><\/div><\/div><\/div><div  class=\"fusion-layout-column fusion_builder_column fusion_builder_column_1_1 fusion-builder-column-3 fusion-one-full fusion-column-first fusion-column-last fusion-no-small-visibility 1_1\"  style='margin-top:20px;margin-bottom:20px;'><div class=\"fusion-column-wrapper\" style=\"padding: 0px 0px 0px 0px;background-position:left top;background-repeat:no-repeat;-webkit-background-size:cover;-moz-background-size:cover;-o-background-size:cover;background-size:cover;\"   data-bg-url=\"\"><style type=\"text\/css\">@media only screen and (max-width:800px) {.fusion-title.fusion-title-2{margin-top:20px!important;margin-bottom:10px!important;}}<\/style><div class=\"fusion-title title fusion-title-2 fusion-sep-none fusion-title-text fusion-title-size-one\" style=\"margin-top:30px;margin-bottom:20px;\"><h1 class=\"title-heading-left\" style=\"margin:0;\"><h2 style=\"text-align: center;\"><span style=\"color: #ff0000;\">\u00c9 ISSO QUE FAZEMOS!<\/span><\/h2><\/h1><\/div><div class=\"fusion-sep-clear\"><\/div><div class=\"fusion-separator fusion-full-width-sep sep-none\" style=\"margin-left: auto;margin-right: auto;margin-top:2%;\"><\/div><div class=\"fusion-clearfix\"><\/div><\/div><\/div><\/div><\/div><div class=\"fusion-fullwidth fullwidth-box fusion-builder-row-2 nonhundred-percent-fullwidth non-hundred-percent-height-scrolling fusion-equal-height-columns\"  style='background-color: rgba(255,255,255,0);background-position: center center;background-repeat: no-repeat;padding-top:8%;padding-right:0px;padding-bottom:0px;padding-left:0px;'><div class=\"fusion-builder-row fusion-row \"><div  data-animationType=fadeInLeft data-animationDuration=0.6 data-animationOffset=100% class=\"fusion-layout-column fusion_builder_column fusion_builder_column_3_5 fusion-builder-column-4 fusion-three-fifth fusion-column-first fusion-animated 3_5\"  style='margin-top:20px;margin-bottom:20px;width:60%;width:calc(60% - ( ( 4% ) * 0.6 ) );margin-right: 4%;'><div class=\"fusion-column-wrapper\" style=\"padding: 0px 0px 0px 0px;background-position:left top;background-repeat:no-repeat;-webkit-background-size:cover;-moz-background-size:cover;-o-background-size:cover;background-size:cover;\"   data-bg-url=\"\"><div class=\"fusion-column-content-centered\"><div class=\"fusion-column-content\"><div class=\"imageframe-align-center\"><span class=\"fusion-imageframe imageframe-none imageframe-2 hover-type-none\"><img loading=\"lazy\" decoding=\"async\" src=\"https:\/\/emarketingbrasil.com.br\/influencers\/wp-content\/uploads\/2019\/09\/making-funny-videos.jpg\" width=\"2560\" height=\"2171\" alt=\"\" title=\"making-funny-videos\" class=\"img-responsive wp-image-931\"\/><\/span><\/div><\/div><\/div><div class=\"fusion-clearfix\"><\/div><\/div><\/div><div  data-animationType=fadeInDown data-animationDuration=0.6 data-animationOffset=100% class=\"fusion-layout-column fusion_builder_column fusion_builder_column_2_5 fusion-builder-column-5 fusion-two-fifth fusion-column-last fusion-animated 2_5\"  style='margin-top:20px;margin-bottom:20px;width:40%;width:calc(40% - ( ( 4% ) * 0.4 ) );'><div class=\"fusion-column-wrapper\" style=\"padding: 0px 0px 0px 0px;background-position:left top;background-repeat:no-repeat;-webkit-background-size:cover;-moz-background-size:cover;-o-background-size:cover;background-size:cover;\"   data-bg-url=\"\"><div class=\"fusion-column-content-centered\"><div class=\"fusion-column-content\"><style type=\"text\/css\">@media only screen and (max-width:800px) {.fusion-title.fusion-title-3{margin-top:20px!important;margin-bottom:10px!important;}}<\/style><div class=\"fusion-title title fusion-title-3 fusion-sep-none fusion-title-text fusion-title-size-two\" style=\"margin-top:0px;margin-bottom:20px;\"><h2 class=\"title-heading-left\" style=\"margin:0;\"><p>Marketing e <span style=\"font-family: Consolas, Monaco, monospace;\">Campanhas orientadas ao desempenho<\/span><\/p>\n<div class=\"jhH5U\">\n<div id=\"tw-images\"><\/div>\n<div class=\"dURPtb\"><\/div>\n<div>\n<div><\/div>\n<\/div>\n<\/div><\/h2><\/div><div class=\"fusion-text\"><p>envolvemos os usu\u00e1rios com marcas e produtos atrav\u00e9s de voc\u00ea influenciador<\/p>\n<\/div><div class=\"fusion-sep-clear\"><\/div><div class=\"fusion-separator fusion-full-width-sep sep-none\" style=\"margin-left: auto;margin-right: auto;margin-top:;margin-bottom:15px;\"><\/div><\/div><\/div><div class=\"fusion-clearfix\"><\/div><\/div><\/div><div  class=\"fusion-layout-column fusion_builder_column fusion_builder_column_1_1 fusion-builder-column-6 fusion-one-full fusion-column-first fusion-column-last fusion-no-small-visibility fusion-column-no-min-height 1_1\"  style='margin-top:10px;margin-bottom:10px;'><div class=\"fusion-column-wrapper\" style=\"padding: 0px 0px 0px 0px;background-position:left top;background-repeat:no-repeat;-webkit-background-size:cover;-moz-background-size:cover;-o-background-size:cover;background-size:cover;\"   data-bg-url=\"\"><div class=\"fusion-sep-clear\"><\/div><div class=\"fusion-separator fusion-full-width-sep sep-none\" style=\"margin-left: auto;margin-right: auto;margin-top:6%;\"><\/div><style type=\"text\/css\">@media only screen and (max-width:800px) {.fusion-title.fusion-title-4{margin-top:20px!important;margin-bottom:10px!important;}}<\/style><div class=\"fusion-title title fusion-title-4 fusion-sep-none fusion-title-center fusion-title-text fusion-title-size-two\" style=\"margin-top:30px;margin-bottom:20px;\"><h2 class=\"title-heading-center\" style=\"margin:0;\"><p style=\"text-align: center;\">LUCRE COM SEUS SEGUIDORES, VIEWS E LIKES!<\/p><\/h2><\/div><style type=\"text\/css\">@media only screen and (max-width:800px) {.fusion-title.fusion-title-5{margin-top:20px!important;margin-bottom:10px!important;}}<\/style><div class=\"fusion-title title fusion-title-5 fusion-sep-none fusion-title-center fusion-title-text fusion-title-size-four\" style=\"margin-top:30px;margin-bottom:20px;\"><h4 class=\"title-heading-center\" style=\"margin:0;\"><p style=\"text-align: center;\">Para influencers com mais de 256k ou videos com mais de 700k<\/p><\/h4><\/div><div class=\"fusion-clearfix\"><\/div><\/div><\/div><div  data-animationType=fadeIn data-animationDuration=0.8 data-animationOffset=100% class=\"fusion-layout-column fusion_builder_column fusion_builder_column_1_2 fusion-builder-column-7 fusion-one-half fusion-column-first fusion-no-small-visibility fusion-no-medium-visibility fusion-column-no-min-height fusion-animated 1_2\"  style='margin-top:0px;margin-bottom:0px;width:50%;width:calc(50% - ( ( 4% ) * 0.5 ) );margin-right: 4%;'><div class=\"fusion-column-wrapper\" style=\"padding: 0px 0px 0px 0px;background-position:left top;background-repeat:no-repeat;-webkit-background-size:cover;-moz-background-size:cover;-o-background-size:cover;background-size:cover;\"   data-bg-url=\"\"><style type=\"text\/css\">@media only screen and (max-width:800px) {.fusion-title.fusion-title-6{margin-top:20px!important;margin-bottom:-90px!important;}}<\/style><div class=\"fusion-title title fusion-title-6 fusion-sep-none fusion-title-center fusion-title-text fusion-title-size-one\" style=\"font-size:8.9em;margin-top:30px;margin-bottom:-110px;\"><h1 class=\"title-heading-center\" style=\"margin:0;font-size:1em;line-height:1em;letter-spacing:-0.075em;color:#82db35;\">256K +<\/h1><\/div><style type=\"text\/css\">@media only screen and (max-width:800px) {.fusion-title.fusion-title-7{margin-top:0px!important;margin-bottom:30px!important;}}<\/style><div class=\"fusion-title title fusion-title-7 fusion-sep-none fusion-title-center fusion-title-text fusion-title-size-two\" style=\"font-size:5.2em;margin-top:0px;margin-bottom:30px;\"><h2 class=\"title-heading-center\" style=\"margin:0;font-size:1em;line-height:1.36em;letter-spacing:0px;color:#44405a;\"><span style=\"font-family: Sacramento; font-weight: 400;\" data-fusion-font=\"true\" data-fusion-google-font=\"Sacramento\" data-fusion-google-variant=\"400\" data-fusion-google-subset=\"latin\">seguidores<\/span><\/h2><\/div><div class=\"fusion-clearfix\"><\/div><\/div><\/div><div  data-animationType=fadeIn data-animationDuration=0.8 data-animationOffset=100% class=\"fusion-layout-column fusion_builder_column fusion_builder_column_1_2 fusion-builder-column-8 fusion-one-half fusion-column-last fusion-no-small-visibility fusion-no-medium-visibility fusion-column-no-min-height fusion-animated 1_2\"  style='margin-top:0px;margin-bottom:0px;width:50%;width:calc(50% - ( ( 4% ) * 0.5 ) );'><div class=\"fusion-column-wrapper\" style=\"padding: 0px 0px 0px 0px;background-position:left top;background-repeat:no-repeat;-webkit-background-size:cover;-moz-background-size:cover;-o-background-size:cover;background-size:cover;\"   data-bg-url=\"\"><style type=\"text\/css\">@media only screen and (max-width:800px) {.fusion-title.fusion-title-8{margin-top:20px!important;margin-bottom:-90px!important;}}<\/style><div class=\"fusion-title title fusion-title-8 fusion-sep-none fusion-title-center fusion-title-text fusion-title-size-one\" style=\"font-size:8.9em;margin-top:30px;margin-bottom:-110px;\"><h1 class=\"title-heading-center\" style=\"margin:0;font-size:1em;line-height:1em;letter-spacing:-0.075em;color:#19aad1;\">700K +<\/h1><\/div><style type=\"text\/css\">@media only screen and (max-width:800px) {.fusion-title.fusion-title-9{margin-top:0px!important;margin-bottom:30px!important;}}<\/style><div class=\"fusion-title title fusion-title-9 fusion-sep-none fusion-title-center fusion-title-text fusion-title-size-two\" style=\"font-size:5.2em;margin-top:0px;margin-bottom:30px;\"><h2 class=\"title-heading-center\" style=\"margin:0;font-size:1em;line-height:1.36em;letter-spacing:0px;color:#44405a;\"><span style=\"font-family: Sacramento; font-weight: 400;\" data-fusion-font=\"true\" data-fusion-google-font=\"Sacramento\" data-fusion-google-variant=\"400\" data-fusion-google-subset=\"latin\">views<\/span><\/h2><\/div><div class=\"fusion-clearfix\"><\/div><\/div><\/div><\/div><\/div><div class=\"fusion-fullwidth fullwidth-box fusion-builder-row-3 hundred-percent-fullwidth non-hundred-percent-height-scrolling\"  style='background-color: rgba(255,255,255,0);background-position: center center;background-repeat: no-repeat;padding-top:3%;padding-right:3%;padding-bottom:3%;padding-left:3%;'><div class=\"fusion-builder-row fusion-row \"><div  class=\"fusion-layout-column fusion_builder_column fusion_builder_column_1_1 fusion-builder-column-9 fusion-one-full fusion-column-first fusion-column-last 1_1\"  style='margin-top:20px;margin-bottom:0px;'><div class=\"fusion-column-wrapper fusion-column-has-shadow\" style=\"background-color:#44405a;overflow:hidden;border-radius:8px 8px 8px 8px;box-shadow:0px 20px 40px 5px rgba(87,85,140,0.36);;padding: 15% 32px 70px 32px;background-image: url('https:\/\/emarketingbrasil.com.br\/influencers\/wp-content\/uploads\/2020\/03\/bg_hm.jpg');background-position:center center;background-repeat:no-repeat;-webkit-background-size:cover;-moz-background-size:cover;-o-background-size:cover;background-size:cover;border-radius:8px 8px 8px 8px;\"   data-bg-url=\"https:\/\/emarketingbrasil.com.br\/influencers\/wp-content\/uploads\/2020\/03\/bg_hm.jpg\"><div class=\"fusion-column-content-centered\"><div class=\"fusion-column-content\"><style type=\"text\/css\">@media only screen and (max-width:800px) {.fusion-title.fusion-title-10{margin-top:20px!important;margin-bottom:10px!important;}}<\/style><div class=\"fusion-title title fusion-title-10 fusion-sep-none fusion-title-center fusion-title-text fusion-title-size-two\" style=\"margin-top:10px;margin-bottom:20px;\"><h2 class=\"title-heading-center\" style=\"margin:0;color:#ffffff;\"><span style=\"color: #ff4000;\">Cadastre-se agora mesmo!<\/span><\/h2><\/div><div class=\"fusion-sep-clear\"><\/div><div class=\"fusion-separator fusion-no-large-visibility fusion-full-width-sep sep-none\" style=\"margin-left: auto;margin-right: auto;margin-top:;margin-bottom:10px;\"><\/div><div class=\"fusion-builder-row fusion-builder-row-inner fusion-row \"><div  class=\"fusion-layout-column fusion_builder_column fusion_builder_column_1_1 fusion-builder-nested-column-1 fusion-one-full fusion-column-first fusion-column-last fusion-no-small-visibility fusion-no-medium-visibility 1_1\"  style='margin-top: 10px;margin-bottom: 10px;'>\n\t\t\t\t\t<div class=\"fusion-column-wrapper fusion-column-wrapper-1\" style=\"padding: 0px 0px 0px 0px;background-position:left top;background-repeat:no-repeat;-webkit-background-size:cover;-moz-background-size:cover;-o-background-size:cover;background-size:cover;\" data-bg-url=\"\">\n\t\t\t\t\t\t<div class=\"fusion-text\"><h3 style=\"text-align: center;\"><span style=\"color: #ff4000;\">Junte-se a grandes marcas e conquiste grandes resultados<\/span><\/h3>\n<\/div>\n\n\t\t\t\t\t<\/div>\n\t\t\t\t<\/div><\/div><div class=\"fusion-button-wrapper fusion-aligncenter\"><style type=\"text\/css\">.fusion-button.button-1 .fusion-button-text, .fusion-button.button-1 i {color:#ffffff;}.fusion-button.button-1 .fusion-button-icon-divider{border-color:#ffffff;}.fusion-button.button-1:hover .fusion-button-text, .fusion-button.button-1:hover i,.fusion-button.button-1:focus .fusion-button-text, .fusion-button.button-1:focus i,.fusion-button.button-1:active .fusion-button-text, .fusion-button.button-1:active{color:#ffffff;}.fusion-button.button-1:hover .fusion-button-icon-divider, .fusion-button.button-1:hover .fusion-button-icon-divider, .fusion-button.button-1:active .fusion-button-icon-divider{border-color:#ffffff;}.fusion-button.button-1:hover, .fusion-button.button-1:focus, .fusion-button.button-1:active{border-color:#ffffff;}.fusion-button.button-1 {border-color:#ffffff;border-radius:2px;}.fusion-button.button-1{background: #f86754;}.fusion-button.button-1:hover,.button-1:focus,.fusion-button.button-1:active{background: #ff3501;}.fusion-button.button-1 .fusion-button-text {text-transform:uppercase;}<\/style><a class=\"fusion-button button-flat fusion-button-default-size button-custom button-1 fusion-button-default-span fusion-button-default-type\" target=\"_self\" href=\"https:\/\/emarketingbrasil.com.br\/influencers\/cadastro\/\"><i class=\"fa-paper-plane far button-icon-left\"><\/i><span class=\"fusion-button-text\">CADASTRE-SE<\/span><\/a><\/div><div class=\"fusion-sep-clear\"><\/div><div class=\"fusion-separator fusion-no-large-visibility fusion-full-width-sep sep-none\" style=\"margin-left: auto;margin-right: auto;margin-top:;margin-bottom:10px;\"><\/div><\/div><\/div><div class=\"fusion-clearfix\"><\/div><\/div><\/div><\/div><\/div><\/p>\n","protected":false},"excerpt":{"rendered":"","protected":false},"author":1,"featured_media":0,"parent":0,"menu_order":0,"comment_status":"closed","ping_status":"closed","template":"100-width.php","meta":{"footnotes":""},"class_list":["post-1726","page","type-page","status-publish","hentry"],"_links":{"self":[{"href":"https:\/\/emarketingbrasil.com.br\/influencers\/wp-json\/wp\/v2\/pages\/1726","targetHints":{"allow":["GET"]}}],"collection":[{"href":"https:\/\/emarketingbrasil.com.br\/influencers\/wp-json\/wp\/v2\/pages"}],"about":[{"href":"https:\/\/emarketingbrasil.com.br\/influencers\/wp-json\/wp\/v2\/types\/page"}],"author":[{"embeddable":true,"href":"https:\/\/emarketingbrasil.com.br\/influencers\/wp-json\/wp\/v2\/users\/1"}],"replies":[{"embeddable":true,"href":"https:\/\/emarketingbrasil.com.br\/influencers\/wp-json\/wp\/v2\/comments?post=1726"}],"version-history":[{"count":16,"href":"https:\/\/emarketingbrasil.com.br\/influencers\/wp-json\/wp\/v2\/pages\/1726\/revisions"}],"predecessor-version":[{"id":1835,"href":"https:\/\/emarketingbrasil.com.br\/influencers\/wp-json\/wp\/v2\/pages\/1726\/revisions\/1835"}],"wp:attachment":[{"href":"https:\/\/emarketingbrasil.com.br\/influencers\/wp-json\/wp\/v2\/media?parent=1726"}],"curies":[{"name":"wp","href":"https:\/\/api.w.org\/{rel}","templated":true}]}}